{"id":232,"date":"2013-07-04T16:15:41","date_gmt":"2013-07-04T16:15:41","guid":{"rendered":"http:\/\/cosmic-constellation.de\/?page_id=232"},"modified":"2013-11-04T18:32:12","modified_gmt":"2013-11-04T18:32:12","slug":"richard-glaser","status":"publish","type":"page","link":"http:\/\/cosmic-constellation.de\/?page_id=232","title":{"rendered":"Richard Gl\u00e4ser"},"content":{"rendered":"<p><img loading=\"lazy\" decoding=\"async\" class=\" wp-image-378 alignleft\" alt=\"richard_redu\" src=\"http:\/\/cosmic-constellation.de\/wp-content\/uploads\/2013\/08\/richard_redu.jpg\" width=\"500\" height=\"852\" \/>Richard Gl\u00e4ser erhielt seinen ersten Schlagzeugunterricht im Alter von sechs Jahren an der st\u00e4dtischen Musikschule Aschaffenburg bei J\u00f6rg Fabig. 2010 nahm er Unterricht bei Katarzyna Mycka und Prof. Rainer R\u00f6mer als Jungstudent. Bei Rainer R\u00f6mer war er von 2011- 2013 als Vollstudent in Frankfurt am Main immatrikuliert. 2010 und 2011 war er Mitglied des Bundespercussionsensembles &#8222;bundesbeat&#8220; und ist Gr\u00fcndungsmitglied des Marimbaquartetts &#8222;Marimba Festiva&#8220;. 2010 gr\u00fcndeten Richard und Christoph das Duo mit Schlagzeug und Gitarre anl\u00e4sslich des Wettbewerbs &#8222;Jugend Musiziert&#8220;. Bis zum heutigen Zeitpunkt nahm er an vielen Workshops und Meisterkursen teil, darunter bei Momoko Kamiya, Wolfgang Rihm, dem Ensemble Modern, Shoko Sakai und Christian Dierstein. Richard errang bereits mehrere Preise bei Wettbewerben, so 1. Preise bei &#8222;Jugend Musiziert&#8220;, den 2. Preis beim Internationalen Marimbawettbewerb Wettbewerb in N\u00fcrnberg, mit Christoph Nonnweiler den 1. Preis beim Enrico Mercatali International Guitar Chamber Music Competition und den 2. Preis beim Internationalen Kammermusikwettbewerb Luis Milan in Valencia. Er wird unterst\u00fctzt von der Anton Fahs- Stiftung, Yehudi Menuhin Live Music Now Frankfurt am Main e.V. und der Studienstiftung des deutschen Volkes. Im Wintersemester 2013\/2014 wird er sein Studium in der Schlagzeugklasse bei Prof. Marta Klimasara in Stuttgart fortf\u00fchren.<\/p>\n","protected":false},"excerpt":{"rendered":"<p>Richard Gl\u00e4ser erhielt seinen ersten Schlagzeugunterricht im Alter von sechs Jahren an der st\u00e4dtischen Musikschule Aschaffenburg bei J\u00f6rg Fabig. 2010 nahm er Unterricht bei Katarzyna Mycka und Prof. Rainer R\u00f6mer als Jungstudent. Bei Rainer R\u00f6mer war er von 2011- 2013 als Vollstudent in Frankfurt am Main immatrikuliert. 2010 und 2011 war er Mitglied des Bundespercussionsensembles [&hellip;]<\/p>\n","protected":false},"author":3,"featured_media":0,"parent":0,"menu_order":0,"comment_status":"closed","ping_status":"closed","template":"","meta":{"spay_email":"","footnotes":""},"class_list":["post-232","page","type-page","status-publish","hentry"],"_links":{"self":[{"href":"http:\/\/cosmic-constellation.de\/index.php?rest_route=\/wp\/v2\/pages\/232","targetHints":{"allow":["GET"]}}],"collection":[{"href":"http:\/\/cosmic-constellation.de\/index.php?rest_route=\/wp\/v2\/pages"}],"about":[{"href":"http:\/\/cosmic-constellation.de\/index.php?rest_route=\/wp\/v2\/types\/page"}],"author":[{"embeddable":true,"href":"http:\/\/cosmic-constellation.de\/index.php?rest_route=\/wp\/v2\/users\/3"}],"replies":[{"embeddable":true,"href":"http:\/\/cosmic-constellation.de\/index.php?rest_route=%2Fwp%2Fv2%2Fcomments&post=232"}],"version-history":[{"count":9,"href":"http:\/\/cosmic-constellation.de\/index.php?rest_route=\/wp\/v2\/pages\/232\/revisions"}],"predecessor-version":[{"id":446,"href":"http:\/\/cosmic-constellation.de\/index.php?rest_route=\/wp\/v2\/pages\/232\/revisions\/446"}],"wp:attachment":[{"href":"http:\/\/cosmic-constellation.de\/index.php?rest_route=%2Fwp%2Fv2%2Fmedia&parent=232"}],"curies":[{"name":"wp","href":"https:\/\/api.w.org\/{rel}","templated":true}]}}