{"id":229,"date":"2013-07-04T16:15:12","date_gmt":"2013-07-04T16:15:12","guid":{"rendered":"http:\/\/cosmic-constellation.de\/?page_id=229"},"modified":"2013-08-09T15:52:07","modified_gmt":"2013-08-09T15:52:07","slug":"duo","status":"publish","type":"page","link":"http:\/\/cosmic-constellation.de\/?page_id=229","title":{"rendered":"Duo"},"content":{"rendered":"<p><img loading=\"lazy\" decoding=\"async\" class=\"alignnone size-full wp-image-383\" alt=\"duo_redu\" src=\"http:\/\/cosmic-constellation.de\/wp-content\/uploads\/2013\/07\/duo_redu.jpg\" width=\"1024\" height=\"681\" srcset=\"http:\/\/cosmic-constellation.de\/wp-content\/uploads\/2013\/07\/duo_redu.jpg 1024w, http:\/\/cosmic-constellation.de\/wp-content\/uploads\/2013\/07\/duo_redu-300x199.jpg 300w, http:\/\/cosmic-constellation.de\/wp-content\/uploads\/2013\/07\/duo_redu-624x414.jpg 624w\" sizes=\"auto, (max-width: 1024px) 100vw, 1024px\" \/><\/p>\n<p>Das Duo Cosmic Constellation wurde 2009 von Christoph Nonnweiler und Richard Gl\u00e4ser anl\u00e4sslich des Wettbewerbes Jugend musiziert gegr\u00fcndet. Beide Musiker besuchten zu Beginn ihrer Karriere die st\u00e4dtische Musikschule Aschaffenburg\/ Gro\u00dfostheim, wo sie sich auch musikalisch kennen lernten. Zu diesem Zeitpunkt waren Richard und Christoph f\u00fcr ihr Alter bereits au\u00dfergew\u00f6hnlich weit entwickelte Pers\u00f6nlichkeiten. Beide waren mehrmalige Preistr\u00e4ger bei nationalen und internationalen Jugendwettbewerben, erhielten Stipendien und wirkten in Musikakademien und Ensembles bzw. Orchestern mit. 2010 immatrikulierten beide als Jungstudenten an die Hochschule f\u00fcr Musik und darstellende Kunst Frankfurt am Main in die Klassen von Prof. Chrisopher Brandt (Gitarre) und Prof. Rainer R\u00f6mer (Schlagzeug). Parallel absolvierten sie ihr Abitur auf dem musischen Zweig des Theodor von Dalberg Gymnasiums, auf welchem sie bei den pr\u00fcfungsrelevanten Vorspielen auch gemeinsam musizierten. Den darauf folgenden Wettbewerb Jugend Musiziert gewannen sie in der Kategorie \u201eNeue Musik\u201c mit H\u00f6chstpunktzahl. Noch im selben Jahr wurden sie als Vollstudenten in ihre Klassen aufgenommen. An der Hochschule konnten sie sich nun vollst\u00e4ndig auf die k\u00fcnstlerische Arbeit und ihre folgenden Projekte konzentrieren. Dies f\u00fchrte zu Erfolgen bei internationalen Wettbewerben, wie dem 1. Preis beim Enrico Mercatali Guitar Chamber Music Competition, dem 2. Preis beim Internationalen Wettbewerb Luys Milan sowie dem 1. Preis mit 2 Sonderpreisen beim \u201eGerhard Vogt &#8211; Kammermusikwettbewerb mit Gitarre\u201c. Meisterkurse nahmen sie bei Pablo Marquez, Emmanuel Sejourne und Marta Klimasara. Richard und Christoph werden als Duo durch den eingetragenen Verein Yehudi Menuhin Live Music Now und die Freunde und F\u00f6rderer der Hochschule Frsnkfurts gef\u00f6rdert. In diesem Jahr erhielten sie ein Stipendium des Rotary Clubs der Alten Oper Frankfurt. Diese Erfolge f\u00fchrten zu einer regen Konzertt\u00e4tigkeit an fast allen erdenklichen Konzertpl\u00e4tzen. Die beiden K\u00fcnstler haben sich das Ziel gesetzt, sowohl moderne als auch traditionelle Literatur in dieser besonderen Besetzung &#8211; Schlagwerk und Gitarre- zu erarbeiten und aufzuf\u00fchren. Weiterhin ist es ein gro\u00dfes Anliegen des Duos, junge Menschen mit ihrer Musik zu erreichen und zu begeistern. Daneben ist es f\u00fcr sie sehr wichtig Komponisten aufzusuchen, die f\u00fcr ihre Besetzung Werke schreiben. Heute erstreckt sich ihr Repertoire von Transkriptionen von J. S. Bach \u00fcber Astor Piazzolla bis hin zu Auftragskompositionen. Dadurch haben sie im Laufe ihres Studiums mit Komponisten wie Christopher Brandt, Michael Quell und Emmanuel Sejourne zusammengearbeitet. Ein besonderes Ereignis war die Radioproduktion mit dem bayerischen Rundfunk im Jahr 2012. Seitdem verfolgen beide Musiker das Ziel, einen hochwertigen Repertoireauszug zu erstellen und damit ein m\u00f6glichst breites Publikum von Ihrer Musik zu begeistern.<\/p>\n","protected":false},"excerpt":{"rendered":"<p>Das Duo Cosmic Constellation wurde 2009 von Christoph Nonnweiler und Richard Gl\u00e4ser anl\u00e4sslich des Wettbewerbes Jugend musiziert gegr\u00fcndet. Beide Musiker besuchten zu Beginn ihrer Karriere die st\u00e4dtische Musikschule Aschaffenburg\/ Gro\u00dfostheim, wo sie sich auch musikalisch kennen lernten. Zu diesem Zeitpunkt waren Richard und Christoph f\u00fcr ihr Alter bereits au\u00dfergew\u00f6hnlich weit entwickelte Pers\u00f6nlichkeiten. Beide waren mehrmalige [&hellip;]<\/p>\n","protected":false},"author":3,"featured_media":0,"parent":0,"menu_order":0,"comment_status":"closed","ping_status":"closed","template":"","meta":{"spay_email":"","footnotes":""},"class_list":["post-229","page","type-page","status-publish","hentry"],"_links":{"self":[{"href":"http:\/\/cosmic-constellation.de\/index.php?rest_route=\/wp\/v2\/pages\/229","targetHints":{"allow":["GET"]}}],"collection":[{"href":"http:\/\/cosmic-constellation.de\/index.php?rest_route=\/wp\/v2\/pages"}],"about":[{"href":"http:\/\/cosmic-constellation.de\/index.php?rest_route=\/wp\/v2\/types\/page"}],"author":[{"embeddable":true,"href":"http:\/\/cosmic-constellation.de\/index.php?rest_route=\/wp\/v2\/users\/3"}],"replies":[{"embeddable":true,"href":"http:\/\/cosmic-constellation.de\/index.php?rest_route=%2Fwp%2Fv2%2Fcomments&post=229"}],"version-history":[{"count":11,"href":"http:\/\/cosmic-constellation.de\/index.php?rest_route=\/wp\/v2\/pages\/229\/revisions"}],"predecessor-version":[{"id":428,"href":"http:\/\/cosmic-constellation.de\/index.php?rest_route=\/wp\/v2\/pages\/229\/revisions\/428"}],"wp:attachment":[{"href":"http:\/\/cosmic-constellation.de\/index.php?rest_route=%2Fwp%2Fv2%2Fmedia&parent=229"}],"curies":[{"name":"wp","href":"https:\/\/api.w.org\/{rel}","templated":true}]}}