{"id":19,"date":"2013-05-23T15:34:50","date_gmt":"2013-05-23T15:34:50","guid":{"rendered":"http:\/\/cosmic-constellation.de\/?page_id=19"},"modified":"2020-03-21T11:57:22","modified_gmt":"2020-03-21T11:57:22","slug":"pressechristoph-nonnweiler-erhielt-seinen-ersten-gitarrenunterricht-im-alter-von-6-jahren-an-der-gro%ef%ac%82ostheimer-musikschule-bei-bernd-nonnweiler-schon-fr%c2%b8h-wurde-er-von-international-reno","status":"publish","type":"page","link":"http:\/\/cosmic-constellation.de\/?page_id=19","title":{"rendered":"Presse"},"content":{"rendered":"<h4><span style=\"text-decoration: underline;\"><strong>St. Katharinen- und Wei\u00dffrauenstift 29.04.2015:<\/strong><\/span><\/h4>\n<h5>Einzigartiges Klangerlebnis<\/h5>\n<p>Der Verein Yehudi Menuhin Live Music Now schickte Ende April ein au\u00dfergew\u00f6hnliches Musik-Duo in unsere Wohnananlage nach Oberrad in die Gudd Stubb. Cosmic Constellation spielten Werke aus f\u00fcnf Jahrhunderten auf Gitarre und Vibraphon und brachten die Luft zum Schwingen.<\/p>\n<p>Richard Gl\u00e4ser und Christoph Nonnweiler begeisterten ihr Publikum mit gro\u00dfer Spielfreude und hoher technischer Qualit\u00e4t. Zwischen den St\u00fccken informierten die beiden 21-j\u00e4hrigen Studenten der Frankfurter Hochschule f\u00fcr Musik und Darstellende Kunst (HfMDK) \u00fcber ihre Instrumente und Eigenarten der Kompositionen.<\/p>\n<p>Cosmic Constellation erfreuten ihr Publikum u.a. mit Werken von Johann Sebastian Bach, Astor Piazzolla, dem argentinischen Tango-Gott, und Ney Rosauro, einem brasilianischen Musiker und Komponisten. Eine abwechslungsreiche, beschwingte Mischung. Und ein sehr gelungener musikalischer Nachmittag in unserer Wohnanlage. Vielen Dank Cosmic Constellation!<\/p>\n<h4><span style=\"text-decoration: underline;\"><strong>aus Main Echo &#8222;Im Zentrum der Kl\u00e4nge&#8220; 19.01.2011:<\/strong><\/span><\/h4>\n<p>&#8222;Eine au\u00dfergew\u00f6hnliches Duo bilden Christoph Nonnweiler (Gitarre) und Richard Gl\u00e4ser (Percussion). Beide haben bereits vielf\u00e4ltige Erfolge bei musikalischen Wettbewerben erzielt, erstmals traten die 17-j\u00e4hrigen Sch\u00fcler gemeinsam mit einem zeitgen\u00f6ssischen \u00bbDuo concertante\u00ab von Joseph Fung auf. Virtuos und dynamisch setzten sie das zeitgen\u00f6ssische St\u00fcck mit Gitarre und Marimbafon, Vibrafon, Tempelblock, Crotales, Becken und Trommeln um.<br \/>\nDas Publikum sp\u00fcrte die musikalische Intensit\u00e4t, mit der die beiden sich ihrem vielseitigen St\u00fcck n\u00e4herten, au\u00dfer 17 Minuten Gitarre und Percussion war im Saal nichts zu h\u00f6ren, kein R\u00e4uspern, kein Rascheln.&#8220;<\/p>\n<h4><span style=\"text-decoration: underline;\"><b>Das Ergebnis des 25. Internationalen Musikwettbewerbs Musikforum Schweinfurt &#8211;\u00a0<\/b><b>&#8222;Gerhard-Vogt-Kammermusikwettbewerb Gitarre +1&#8220;:<\/b><\/span><\/h4>\n<p>1. Preis: Christoph Nonnweiler und Richard Gl\u00e4ser &#8211; Gitarre und Schlagzeug<br \/>\n2. Preis: Thea und Anne Baumbach &#8211; Gitarre und Fl\u00f6te<br \/>\n3. Preis: Juan Carlos Arancibia und Anita Farkas &#8211; Gitarre und Fl\u00f6te<br \/>\nSonderpreis f\u00fcr die beste Interpretation des Pflichtwerks von Hans Franke: Kristjan Tamm und Alexandra Manic &#8211; Gitarre und Violine<br \/>\nSonderpreis f\u00fcr die beste Interpretation f\u00fcr die beste Interpretation eines zeitgen\u00f6ssischen Werkes (geteilt): Anne und Thea Baumbach, Christoph Nonnweiler und Richard Gl\u00e4ser<br \/>\n1 Konzert auf Schloss Zeilitzheim: Christoph Nonnweiler und Richard Gl\u00e4ser<\/p>\n<p>Allen Preistr\u00e4gern herzlichen Gl\u00fcckwunsch!<\/p>\n<p>Und das sind die Sieger bei der Preisverleihung:<\/p>\n<p><a href=\"http:\/\/cosmic-constellation.de\/wp-content\/uploads\/2020\/03\/Gerhardt-Vogt--scaled-e1584790021901.jpg\"><img loading=\"lazy\" decoding=\"async\" class=\"alignnone wp-image-524 size-full\" src=\"http:\/\/cosmic-constellation.de\/wp-content\/uploads\/2020\/03\/Gerhardt-Vogt--scaled-e1584790021901.jpg\" alt=\"\" width=\"2003\" height=\"1299\" srcset=\"http:\/\/cosmic-constellation.de\/wp-content\/uploads\/2020\/03\/Gerhardt-Vogt--scaled-e1584790021901.jpg 2003w, http:\/\/cosmic-constellation.de\/wp-content\/uploads\/2020\/03\/Gerhardt-Vogt--scaled-e1584790021901-300x195.jpg 300w, http:\/\/cosmic-constellation.de\/wp-content\/uploads\/2020\/03\/Gerhardt-Vogt--scaled-e1584790021901-1024x664.jpg 1024w, http:\/\/cosmic-constellation.de\/wp-content\/uploads\/2020\/03\/Gerhardt-Vogt--scaled-e1584790021901-768x498.jpg 768w, http:\/\/cosmic-constellation.de\/wp-content\/uploads\/2020\/03\/Gerhardt-Vogt--scaled-e1584790021901-1536x996.jpg 1536w, http:\/\/cosmic-constellation.de\/wp-content\/uploads\/2020\/03\/Gerhardt-Vogt--scaled-e1584790021901-624x405.jpg 624w\" sizes=\"auto, (max-width: 2003px) 100vw, 2003px\" \/><\/a><\/p>\n<h6>Vordere Reihe v.l.n.r.:<br \/>\nJuan Carlos Arancibia und Anita Farkas (3. Preis), Richard Gl\u00e4ser und Christoph Nonnweiler (1. Preis und Konzertsonderpreis und Sonderpreis Zeitgen\u00f6ssische Musik), Anne und Thea Baumbach (2. Preis und Sonderpreis Zeitgen\u00f6ssische Musik), Aleksandra Manic und Kristjan Tamm (Hans-Franke-Sonderpreis).<\/h6>\n<h6>Hintere Reihe v.l.n.r.:<br \/>\nDie Jury: Boris Tesic, Christina Stolle, Gertrud Weyhofen, Prof. Herwig Zack, und Gerhard Vogt (Musikforum Schweinfurt).<\/h6>\n<h4><strong><span style=\"text-decoration: underline;\">Weitere Presse-Links:<\/span><\/strong><\/h4>\n<p><a href=\"http:\/\/cosmic-constellation.de\/wp-content\/uploads\/2013\/07\/Interview-MainEcho-Oktober-2012_optimiert.jpg\"><img loading=\"lazy\" decoding=\"async\" class=\"alignnone\" src=\"http:\/\/cosmic-constellation.de\/wp-content\/uploads\/2013\/07\/Interview-MainEcho-Oktober-2012_optimiert.jpg\" alt=\"\" width=\"1600\" height=\"2027\" \/><\/a><\/p>\n<p><a href=\"http:\/\/www.focus-gitarre.de\/magazin\/artikel.php?artikel=162&amp;menuid=37\"><span style=\"line-height: 1.714285714; font-size: 1rem;\">http:\/\/www.focus-gitarre.de\/magazin\/artikel.php?artikel=162&amp;menuid=37<\/span><\/a><\/p>\n<p><a href=\"http:\/\/www.focus-gitarre.de\/magazin\/artikel.php?artikel=162&amp;menuid=37\">http:\/\/www.mainpost.de\/regional\/schweinfurt\/Erster-Preis-fuer-Duo-mit-Schlagwerk;art742,7446879<\/a><\/p>\n<p><a href=\"http:\/\/articles.hessen-archaeologie.de\/cgi-bin\/home.pl?session=bde94388a6c876fa4bfa1216776d686c&amp;id=1262&amp;event=PictureGallery&amp;imgid=3\">http:\/\/articles.hessen-archaeologie.de\/cgi-bin\/home.pl<\/a><a href=\"http:\/\/articles.hessen-archaeologie.de\/cgi-bin\/home.pl?session=bde94388a6c876fa4bfa1216776d686c&amp;id=1262&amp;event=PictureGallery&amp;imgid=3\">session=bde94388a6c876fa4bfa1216776d686c&amp;id=1262&amp;event=PictureGallery&amp;imgid=3<\/a><\/p>\n<p><a href=\"http:\/\/www.main-netz.de\/nachrichten\/kultur\/kultur\/art4214,1530067\">http:\/\/www.main-netz.de\/nachrichten\/kultur\/kultur\/art4214,1530067<\/a><\/p>\n<p><a href=\"http:\/\/www.landkreis-miltenberg.de\/Landkreis\/Startseite.aspx?view=~\/news\/archiv&amp;orgid=%7B20FC5065-3A72-4784-B655-36201CEAD739%7D\">http:\/\/www.landkreis-miltenberg.de\/Landkreis\/Startseite.aspx?view=~\/news\/archiv&amp;orgid=%7B20FC5065-3A72-4784-B655-36201CEAD739%7D<\/a><\/p>\n","protected":false},"excerpt":{"rendered":"<p>St. Katharinen- und Wei\u00dffrauenstift 29.04.2015: Einzigartiges Klangerlebnis Der Verein Yehudi Menuhin Live Music Now schickte Ende April ein au\u00dfergew\u00f6hnliches Musik-Duo in unsere Wohnananlage nach Oberrad in die Gudd Stubb. Cosmic Constellation spielten Werke aus f\u00fcnf Jahrhunderten auf Gitarre und Vibraphon und brachten die Luft zum Schwingen. Richard Gl\u00e4ser und Christoph Nonnweiler begeisterten ihr Publikum mit [&hellip;]<\/p>\n","protected":false},"author":3,"featured_media":0,"parent":0,"menu_order":12,"comment_status":"closed","ping_status":"closed","template":"","meta":{"spay_email":"","footnotes":""},"class_list":["post-19","page","type-page","status-publish","hentry"],"_links":{"self":[{"href":"http:\/\/cosmic-constellation.de\/index.php?rest_route=\/wp\/v2\/pages\/19","targetHints":{"allow":["GET"]}}],"collection":[{"href":"http:\/\/cosmic-constellation.de\/index.php?rest_route=\/wp\/v2\/pages"}],"about":[{"href":"http:\/\/cosmic-constellation.de\/index.php?rest_route=\/wp\/v2\/types\/page"}],"author":[{"embeddable":true,"href":"http:\/\/cosmic-constellation.de\/index.php?rest_route=\/wp\/v2\/users\/3"}],"replies":[{"embeddable":true,"href":"http:\/\/cosmic-constellation.de\/index.php?rest_route=%2Fwp%2Fv2%2Fcomments&post=19"}],"version-history":[{"count":40,"href":"http:\/\/cosmic-constellation.de\/index.php?rest_route=\/wp\/v2\/pages\/19\/revisions"}],"predecessor-version":[{"id":527,"href":"http:\/\/cosmic-constellation.de\/index.php?rest_route=\/wp\/v2\/pages\/19\/revisions\/527"}],"wp:attachment":[{"href":"http:\/\/cosmic-constellation.de\/index.php?rest_route=%2Fwp%2Fv2%2Fmedia&parent=19"}],"curies":[{"name":"wp","href":"https:\/\/api.w.org\/{rel}","templated":true}]}}