{"id":18,"date":"2013-05-23T15:34:39","date_gmt":"2013-05-23T15:34:39","guid":{"rendered":"http:\/\/cosmic-constellation.de\/?page_id=18"},"modified":"2023-05-08T23:39:58","modified_gmt":"2023-05-08T21:39:58","slug":"termine","status":"publish","type":"page","link":"http:\/\/cosmic-constellation.de\/?page_id=18","title":{"rendered":"Termine"},"content":{"rendered":"<p>N\u00e4chster Termin:<\/p>\n<h5>21. Mai 2023 &#8211; Matth\u00e4uskirche, 18 Uhr &#8211; Matth\u00e4usstra\u00dfe 12, 63743 Aschaffenburg<\/h5>\n<p>Das mitgebrachte Repertoire erstreckt sich von Transkriptionen von Dowland (Renaissance) und Bach (Barock) bis hin zu Kompositionen, die genau f\u00fcr diese Besetzung geschrieben wurden. Wir freuen uns auf einen wunderbaren Konzertabend mit Ihnen. Wir nehmen Sie mit auf eine musikalische Weltreise mit Gitarre, Vibraphon, Marimba, Trommeln, Gongs und Zymbeln.<\/p>\n","protected":false},"excerpt":{"rendered":"<p>N\u00e4chster Termin: 21. Mai 2023 &#8211; Matth\u00e4uskirche, 18 Uhr &#8211; Matth\u00e4usstra\u00dfe 12, 63743 Aschaffenburg Das mitgebrachte Repertoire erstreckt sich von Transkriptionen von Dowland (Renaissance) und Bach (Barock) bis hin zu Kompositionen, die genau f\u00fcr diese Besetzung geschrieben wurden. Wir freuen uns auf einen wunderbaren Konzertabend mit Ihnen. Wir nehmen Sie mit auf eine musikalische Weltreise [&hellip;]<\/p>\n","protected":false},"author":3,"featured_media":0,"parent":0,"menu_order":10,"comment_status":"closed","ping_status":"closed","template":"","meta":{"spay_email":"","footnotes":""},"class_list":["post-18","page","type-page","status-publish","hentry"],"_links":{"self":[{"href":"http:\/\/cosmic-constellation.de\/index.php?rest_route=\/wp\/v2\/pages\/18","targetHints":{"allow":["GET"]}}],"collection":[{"href":"http:\/\/cosmic-constellation.de\/index.php?rest_route=\/wp\/v2\/pages"}],"about":[{"href":"http:\/\/cosmic-constellation.de\/index.php?rest_route=\/wp\/v2\/types\/page"}],"author":[{"embeddable":true,"href":"http:\/\/cosmic-constellation.de\/index.php?rest_route=\/wp\/v2\/users\/3"}],"replies":[{"embeddable":true,"href":"http:\/\/cosmic-constellation.de\/index.php?rest_route=%2Fwp%2Fv2%2Fcomments&post=18"}],"version-history":[{"count":38,"href":"http:\/\/cosmic-constellation.de\/index.php?rest_route=\/wp\/v2\/pages\/18\/revisions"}],"predecessor-version":[{"id":540,"href":"http:\/\/cosmic-constellation.de\/index.php?rest_route=\/wp\/v2\/pages\/18\/revisions\/540"}],"wp:attachment":[{"href":"http:\/\/cosmic-constellation.de\/index.php?rest_route=%2Fwp%2Fv2%2Fmedia&parent=18"}],"curies":[{"name":"wp","href":"https:\/\/api.w.org\/{rel}","templated":true}]}}