{"id":179,"date":"2013-05-27T04:02:10","date_gmt":"2013-05-27T04:02:10","guid":{"rendered":"http:\/\/cosmic-constellation.de\/?page_id=179"},"modified":"2020-03-05T17:55:33","modified_gmt":"2020-03-05T17:55:33","slug":"impressum-2","status":"publish","type":"page","link":"http:\/\/cosmic-constellation.de\/?page_id=179","title":{"rendered":"Impressum"},"content":{"rendered":"<p>IMPRESSUM<\/p>\n<p>Angaben gem\u00e4\u00df \u00a7 5 TMG<\/p>\n<p>Christoph Nonnweiler<br \/>\nAbtsg\u00e4\u00dfchen 14<br \/>\n60594 Frankfurt am Main<\/p>\n<p>Richard Gl\u00e4ser<br \/>\nAm Obstkeller 41<br \/>\n63743 Aschaffenburg<\/p>\n<p>Telefon: (+49) 176 84336965 \/ (<span style=\"line-height: 1.714285714; font-size: 1rem;\">+49) 176 84336300<\/span><\/p>\n<p>E-Mail: info@cosmic-constellation.de<\/p>\n<p>Verantwortlich f\u00fcr den Inhalt nach \u00a7 55 Abs. 2 RStV:<\/p>\n<p>Christoph Nonnweiler<br \/>\nAbtsg\u00e4\u00dfchen 14<br \/>\n60594 Frankfurt am Main<\/p>\n<p>Richard Gl\u00e4ser<br \/>\nAm Obstkeller 41<br \/>\n63743 Aschaffenburg<\/p>\n<p>Urheberrecht:<br \/>\nDie durch die Seitenbetreiber erstellten Inhalte und Werke auf diesen Seiten unterliegen dem deutschen Urheberrecht. Die Vervielf\u00e4ltigung, Bearbeitung, Verbreitung und jede Art der Verwertung au\u00dferhalb der Grenzen des Urheberrechtes bed\u00fcrfen der schriftlichen Zustimmung des jeweiligen Autors bzw. Erstellers. Downloads und Kopien dieser Seite sind nur f\u00fcr den privaten, nicht kommerziellen Gebrauch gestattet. Soweit die Inhalte auf dieser Seite nicht vom Betreiber erstellt wurden, werden die Urheberrechte Dritter beachtet. Insbesondere werden Inhalte Dritter als solche gekennzeichnet. Sollten Sie trotzdem auf eine Urheberrechtsverletzung aufmerksam werden, bitten wir um einen entsprechenden Hinweis. Bei Bekanntwerden von Rechtsverletzungen werden wir derartige Inhalte umgehend entfernen.<\/p>\n","protected":false},"excerpt":{"rendered":"<p>IMPRESSUM Angaben gem\u00e4\u00df \u00a7 5 TMG Christoph Nonnweiler Abtsg\u00e4\u00dfchen 14 60594 Frankfurt am Main Richard Gl\u00e4ser Am Obstkeller 41 63743 Aschaffenburg Telefon: (+49) 176 84336965 \/ (+49) 176 84336300 E-Mail: info@cosmic-constellation.de Verantwortlich f\u00fcr den Inhalt nach \u00a7 55 Abs. 2 RStV: Christoph Nonnweiler Abtsg\u00e4\u00dfchen 14 60594 Frankfurt am Main Richard Gl\u00e4ser Am Obstkeller 41 63743 [&hellip;]<\/p>\n","protected":false},"author":3,"featured_media":0,"parent":0,"menu_order":66,"comment_status":"closed","ping_status":"closed","template":"","meta":{"spay_email":"","footnotes":""},"class_list":["post-179","page","type-page","status-publish","hentry"],"_links":{"self":[{"href":"http:\/\/cosmic-constellation.de\/index.php?rest_route=\/wp\/v2\/pages\/179","targetHints":{"allow":["GET"]}}],"collection":[{"href":"http:\/\/cosmic-constellation.de\/index.php?rest_route=\/wp\/v2\/pages"}],"about":[{"href":"http:\/\/cosmic-constellation.de\/index.php?rest_route=\/wp\/v2\/types\/page"}],"author":[{"embeddable":true,"href":"http:\/\/cosmic-constellation.de\/index.php?rest_route=\/wp\/v2\/users\/3"}],"replies":[{"embeddable":true,"href":"http:\/\/cosmic-constellation.de\/index.php?rest_route=%2Fwp%2Fv2%2Fcomments&post=179"}],"version-history":[{"count":11,"href":"http:\/\/cosmic-constellation.de\/index.php?rest_route=\/wp\/v2\/pages\/179\/revisions"}],"predecessor-version":[{"id":480,"href":"http:\/\/cosmic-constellation.de\/index.php?rest_route=\/wp\/v2\/pages\/179\/revisions\/480"}],"wp:attachment":[{"href":"http:\/\/cosmic-constellation.de\/index.php?rest_route=%2Fwp%2Fv2%2Fmedia&parent=179"}],"curies":[{"name":"wp","href":"https:\/\/api.w.org\/{rel}","templated":true}]}}